{"id":4588,"date":"2021-03-23T15:29:27","date_gmt":"2021-03-23T15:29:27","guid":{"rendered":"https:\/\/clean-home.es\/?page_id=4588"},"modified":"2021-03-23T20:27:17","modified_gmt":"2021-03-23T20:27:17","slug":"privacy-policy-es","status":"publish","type":"page","link":"https:\/\/clean-home.es\/es\/privacy-policy-es\/","title":{"rendered":"Privacy Policy ES"},"content":{"rendered":"\t\t<div data-elementor-type=\"wp-page\" data-elementor-id=\"4588\" class=\"elementor elementor-4588 elementor-3\" data-elementor-post-type=\"page\">\n\t\t\t\t\t\t<section class=\"elementor-section elementor-top-section elementor-element elementor-element-95c3c88 elementor-section-boxed elementor-section-height-default elementor-section-height-default\" data-id=\"95c3c88\" data-element_type=\"section\" data-e-type=\"section\">\n\t\t\t\t\t\t<div class=\"elementor-container elementor-column-gap-default\">\n\t\t\t\t\t<div class=\"elementor-column elementor-col-50 elementor-top-column elementor-element elementor-element-58adb9ed\" data-id=\"58adb9ed\" data-element_type=\"column\" data-e-type=\"column\">\n\t\t\t<div class=\"elementor-widget-wrap elementor-element-populated\">\n\t\t\t\t\t\t<div class=\"elementor-element elementor-element-2f65c76a elementor-widget elementor-widget-heading\" data-id=\"2f65c76a\" data-element_type=\"widget\" data-e-type=\"widget\" data-widget_type=\"heading.default\">\n\t\t\t\t<div class=\"elementor-widget-container\">\n\t\t\t\t\t<h2 class=\"elementor-heading-title elementor-size-default\">Pol\u00edtica de Privacidad<\/h2>\t\t\t\t<\/div>\n\t\t\t\t<\/div>\n\t\t\t\t\t<\/div>\n\t\t<\/div>\n\t\t\t\t<div class=\"elementor-column elementor-col-50 elementor-top-column elementor-element elementor-element-6d69e6a6\" data-id=\"6d69e6a6\" data-element_type=\"column\" data-e-type=\"column\" data-settings=\"{&quot;background_background&quot;:&quot;classic&quot;}\">\n\t\t\t<div class=\"elementor-widget-wrap elementor-element-populated\">\n\t\t\t\t\t\t<div class=\"elementor-element elementor-element-611d5429 elementor-widget elementor-widget-text-editor\" data-id=\"611d5429\" data-element_type=\"widget\" data-e-type=\"widget\" data-widget_type=\"text-editor.default\">\n\t\t\t\t<div class=\"elementor-widget-container\">\n\t\t\t\t\t\t\t\t\t<p>Clean-Home.es<\/p>\t\t\t\t\t\t\t\t<\/div>\n\t\t\t\t<\/div>\n\t\t\t\t\t<\/div>\n\t\t<\/div>\n\t\t\t\t\t<\/div>\n\t\t<\/section>\n\t\t\t\t<section class=\"elementor-section elementor-top-section elementor-element elementor-element-335b9afa elementor-section-boxed elementor-section-height-default elementor-section-height-default\" data-id=\"335b9afa\" data-element_type=\"section\" data-e-type=\"section\">\n\t\t\t\t\t\t<div class=\"elementor-container elementor-column-gap-default\">\n\t\t\t\t\t<div class=\"elementor-column elementor-col-100 elementor-top-column elementor-element elementor-element-4043f8ac\" data-id=\"4043f8ac\" data-element_type=\"column\" data-e-type=\"column\">\n\t\t\t<div class=\"elementor-widget-wrap elementor-element-populated\">\n\t\t\t\t\t\t<div class=\"elementor-element elementor-element-6f22998b elementor-widget elementor-widget-text-editor\" data-id=\"6f22998b\" data-element_type=\"widget\" data-e-type=\"widget\" data-widget_type=\"text-editor.default\">\n\t\t\t\t<div class=\"elementor-widget-container\">\n\t\t\t\t\t\t\t\t\t<p>Bienvenido a http:\/\/clean-home.es (el \u00abSitio\u00bb). Entendemos que la privacidad en l\u00ednea es importante para los usuarios de nuestro Sitio, especialmente cuando se realizan transacciones comerciales. Esta declaraci\u00f3n rige nuestras pol\u00edticas de privacidad con respecto a aquellos usuarios del Sitio (\u00abVisitantes\u00bb) que lo visitan sin realizar transacciones comerciales y a los Visitantes que se registran para realizar transacciones comerciales en el Sitio y hacen uso de los diversos servicios ofrecidos por Clean-Home.es (colectivamente, \u00abServicios\u00bb) (\u00abClientes Autorizados\u00bb).<\/p><p>\u00abInformaci\u00f3n de identificaci\u00f3n personal\u00bb<\/p><p>se refiere a cualquier informaci\u00f3n que identifique o pueda ser utilizada para identificar, contactar o localizar a la persona a la que pertenece dicha informaci\u00f3n, incluyendo, pero sin limitarse a, el nombre, la direcci\u00f3n, el n\u00famero de tel\u00e9fono, el n\u00famero de fax, la direcci\u00f3n de correo electr\u00f3nico, los perfiles financieros, el n\u00famero de la seguridad social y la informaci\u00f3n de la tarjeta de cr\u00e9dito. La Informaci\u00f3n Personalmente Identificable no incluye la informaci\u00f3n que se recoge de forma an\u00f3nima (es decir, sin identificar al usuario individual) o la informaci\u00f3n demogr\u00e1fica no conectada a un individuo identificado.<\/p><p>\u00bfQu\u00e9 informaci\u00f3n de identificaci\u00f3n personal se recoge?<\/p><p>Podemos recopilar informaci\u00f3n b\u00e1sica sobre el perfil del usuario de todos nuestros visitantes. Recogemos la siguiente informaci\u00f3n adicional de nuestros Clientes Autorizados: los nombres, direcciones, n\u00fameros de tel\u00e9fono y direcciones de correo electr\u00f3nico de los Clientes Autorizados, la naturaleza y el tama\u00f1o del negocio, y la naturaleza y el tama\u00f1o del inventario publicitario que el Cliente Autorizado pretende comprar o vender.<\/p><p>\u00bfQu\u00e9 organizaciones recogen la informaci\u00f3n?<\/p><p>Adem\u00e1s de nuestra recopilaci\u00f3n directa de informaci\u00f3n, nuestros proveedores de servicios de terceros (como compa\u00f1\u00edas de tarjetas de cr\u00e9dito, c\u00e1maras de compensaci\u00f3n y bancos) que pueden proporcionar servicios como cr\u00e9ditos, seguros y servicios de custodia pueden recopilar esta informaci\u00f3n de nuestros visitantes y clientes autorizados. No controlamos la forma en que estos terceros utilizan dicha informaci\u00f3n, pero les pedimos que revelen c\u00f3mo utilizan la informaci\u00f3n personal que les proporcionan los Visitantes y Clientes Autorizados. Algunos de estos terceros pueden ser intermediarios que act\u00faan \u00fanicamente como eslabones de la cadena de distribuci\u00f3n, y no almacenan, conservan ni utilizan la informaci\u00f3n que se les proporciona.<\/p><p>\u00bfC\u00f3mo utiliza el sitio web la informaci\u00f3n de identificaci\u00f3n personal?<\/p><p>Utilizamos la Informaci\u00f3n Personalmente Identificable para personalizar el Sitio, para hacer ofertas de servicio apropiadas, y para cumplir con las solicitudes de compra y venta en el Sitio. Podemos enviar correos electr\u00f3nicos a los visitantes y a los clientes autorizados sobre oportunidades de investigaci\u00f3n o de compra y venta en el sitio o sobre informaci\u00f3n relacionada con el tema del sitio. Tambi\u00e9n podemos utilizar los datos de identificaci\u00f3n personal para ponernos en contacto con los visitantes y clientes autorizados en respuesta a consultas espec\u00edficas, o para proporcionar la informaci\u00f3n solicitada.<\/p><p>\u00bfCon qui\u00e9n se puede compartir la informaci\u00f3n?<\/p><p>Los datos personales de los clientes autorizados pueden ser compartidos con otros clientes autorizados que deseen evaluar posibles transacciones con otros clientes autorizados. Podemos compartir informaci\u00f3n agregada sobre nuestros visitantes, incluyendo los datos demogr\u00e1ficos de nuestros visitantes y clientes autorizados, con nuestras agencias afiliadas y proveedores de terceros. Tambi\u00e9n ofrecemos la oportunidad de \u00aboptar por no\u00bb recibir informaci\u00f3n o ser contactado por nosotros o por cualquier agencia que act\u00fae en nuestro nombre.<\/p><p>\u00bfC\u00f3mo se almacena la informaci\u00f3n de identificaci\u00f3n personal?<\/p><p>La informaci\u00f3n de identificaci\u00f3n personal recopilada por Clean-Home.es se almacena de forma segura y no es accesible a terceros ni a los empleados de Clean-Home.es, excepto para su uso como se ha indicado anteriormente.<\/p><p>\u00bfQu\u00e9 opciones tienen los visitantes respecto a la recogida, uso y distribuci\u00f3n de la informaci\u00f3n?<\/p><p>Los visitantes y clientes autorizados pueden optar por no recibir informaci\u00f3n no solicitada o ser contactados por nosotros y\/o nuestros proveedores y agencias afiliadas respondiendo a los correos electr\u00f3nicos seg\u00fan las instrucciones, o poni\u00e9ndose en contacto con nosotros en<\/p><p>Cookies<\/p><p>Una cookie es una cadena de informaci\u00f3n que un sitio web almacena en el ordenador de un visitante, y que el navegador del visitante proporciona al sitio web cada vez que el visitante regresa.<\/p><p>\u00bfSe utilizan cookies en el sitio web?<\/p><p>Las cookies se utilizan por diversas razones. Utilizamos cookies para obtener informaci\u00f3n sobre las preferencias de nuestros visitantes y los servicios que seleccionan. Tambi\u00e9n utilizamos las cookies con fines de seguridad para proteger a nuestros clientes autorizados. Por ejemplo, si un Cliente Autorizado est\u00e1 conectado y el sitio no se utiliza durante m\u00e1s de 10 minutos, cerraremos autom\u00e1ticamente la sesi\u00f3n del Cliente Autorizado. Los visitantes que no deseen que se coloquen cookies en sus ordenadores deben configurar sus navegadores para que rechacen las cookies antes de utilizar http:\/\/clean-home.es, con el inconveniente de que algunas caracter\u00edsticas del sitio web pueden no funcionar correctamente sin la ayuda de las cookies.<\/p><p>Cookies utilizadas por nuestros proveedores de servicios<\/p><p>Nuestros proveedores de servicios utilizan cookies y esas cookies pueden almacenarse en su ordenador cuando visita nuestro sitio web. Puede encontrar m\u00e1s detalles sobre qu\u00e9 cookies se utilizan en nuestra p\u00e1gina de informaci\u00f3n sobre cookies.<\/p><p>\u00bfC\u00f3mo utiliza Clean-Home.es la informaci\u00f3n de acceso?<\/p><p>Clean-Home.es utiliza la informaci\u00f3n de acceso, incluyendo, pero no limit\u00e1ndose a<\/p>\t\t\t\t\t\t\t\t<\/div>\n\t\t\t\t<\/div>\n\t\t\t\t\t<\/div>\n\t\t<\/div>\n\t\t\t\t\t<\/div>\n\t\t<\/section>\n\t\t\t\t<\/div>\n\t\t","protected":false},"excerpt":{"rendered":"<p>Pol\u00edtica de Privacidad Clean-Home.es Bienvenido a https:\/\/clean-home.es (el \u00abSitio\u00bb). Entendemos que la privacidad en l\u00ednea es importante para los usuarios de nuestro Sitio, especialmente cuando se realizan transacciones comerciales. Esta declaraci\u00f3n rige nuestras pol\u00edticas de privacidad con respecto a aquellos usuarios del Sitio (\u00abVisitantes\u00bb) que lo visitan sin realizar transacciones comerciales y a los Visitantes [&hellip;]<\/p>\n","protected":false},"author":1,"featured_media":0,"parent":0,"menu_order":0,"comment_status":"closed","ping_status":"open","template":"elementor_header_footer","meta":{"_joinchat":[],"footnotes":""},"class_list":["post-4588","page","type-page","status-publish","hentry"],"yoast_head":"<!-- This site is optimized with the Yoast SEO plugin v27.3 - https:\/\/yoast.com\/product\/yoast-seo-wordpress\/ -->\n<title>Privacy Policy ES - Clean-Home.es<\/title>\n<meta name=\"robots\" content=\"index, follow, max-snippet:-1, max-image-preview:large, max-video-preview:-1\" \/>\n<link rel=\"canonical\" href=\"https:\/\/clean-home.es\/es\/privacy-policy-es\/\" \/>\n<meta property=\"og:locale\" content=\"es_ES\" \/>\n<meta property=\"og:type\" content=\"article\" \/>\n<meta property=\"og:title\" content=\"Privacy Policy ES - Clean-Home.es\" \/>\n<meta property=\"og:description\" content=\"Pol\u00edtica de Privacidad Clean-Home.es Bienvenido a https:\/\/clean-home.es (el \u00abSitio\u00bb). Entendemos que la privacidad en l\u00ednea es importante para los usuarios de nuestro Sitio, especialmente cuando se realizan transacciones comerciales. Esta declaraci\u00f3n rige nuestras pol\u00edticas de privacidad con respecto a aquellos usuarios del Sitio (\u00abVisitantes\u00bb) que lo visitan sin realizar transacciones comerciales y a los Visitantes [&hellip;]\" \/>\n<meta property=\"og:url\" content=\"https:\/\/clean-home.es\/es\/privacy-policy-es\/\" \/>\n<meta property=\"og:site_name\" content=\"Clean-Home.es\" \/>\n<meta property=\"article:modified_time\" content=\"2021-03-23T20:27:17+00:00\" \/>\n<meta name=\"twitter:card\" content=\"summary_large_image\" \/>\n<meta name=\"twitter:label1\" content=\"Tiempo de lectura\" \/>\n\t<meta name=\"twitter:data1\" content=\"4 minutos\" \/>\n<script type=\"application\/ld+json\" class=\"yoast-schema-graph\">{\"@context\":\"https:\\\/\\\/schema.org\",\"@graph\":[{\"@type\":\"WebPage\",\"@id\":\"https:\\\/\\\/clean-home.es\\\/es\\\/privacy-policy-es\\\/\",\"url\":\"https:\\\/\\\/clean-home.es\\\/es\\\/privacy-policy-es\\\/\",\"name\":\"Privacy Policy ES - Clean-Home.es\",\"isPartOf\":{\"@id\":\"https:\\\/\\\/clean-home.es\\\/es\\\/#website\"},\"datePublished\":\"2021-03-23T15:29:27+00:00\",\"dateModified\":\"2021-03-23T20:27:17+00:00\",\"breadcrumb\":{\"@id\":\"https:\\\/\\\/clean-home.es\\\/es\\\/privacy-policy-es\\\/#breadcrumb\"},\"inLanguage\":\"es\",\"potentialAction\":[{\"@type\":\"ReadAction\",\"target\":[\"https:\\\/\\\/clean-home.es\\\/es\\\/privacy-policy-es\\\/\"]}]},{\"@type\":\"BreadcrumbList\",\"@id\":\"https:\\\/\\\/clean-home.es\\\/es\\\/privacy-policy-es\\\/#breadcrumb\",\"itemListElement\":[{\"@type\":\"ListItem\",\"position\":1,\"name\":\"Home\",\"item\":\"https:\\\/\\\/clean-home.es\\\/es\\\/\"},{\"@type\":\"ListItem\",\"position\":2,\"name\":\"Privacy Policy ES\"}]},{\"@type\":\"WebSite\",\"@id\":\"https:\\\/\\\/clean-home.es\\\/es\\\/#website\",\"url\":\"https:\\\/\\\/clean-home.es\\\/es\\\/\",\"name\":\"Clean-Home.es\",\"description\":\"Limpieza a Domicilio de Sof\u00e1s, Colchones, Alfombras y Toldos \u2014 Pulido Profesional de Suelos\",\"publisher\":{\"@id\":\"https:\\\/\\\/clean-home.es\\\/es\\\/#organization\"},\"potentialAction\":[{\"@type\":\"SearchAction\",\"target\":{\"@type\":\"EntryPoint\",\"urlTemplate\":\"https:\\\/\\\/clean-home.es\\\/es\\\/?s={search_term_string}\"},\"query-input\":{\"@type\":\"PropertyValueSpecification\",\"valueRequired\":true,\"valueName\":\"search_term_string\"}}],\"inLanguage\":\"es\"},{\"@type\":\"Organization\",\"@id\":\"https:\\\/\\\/clean-home.es\\\/es\\\/#organization\",\"name\":\"Clean-Home.es\",\"url\":\"https:\\\/\\\/clean-home.es\\\/es\\\/\",\"logo\":{\"@type\":\"ImageObject\",\"inLanguage\":\"es\",\"@id\":\"https:\\\/\\\/clean-home.es\\\/es\\\/#\\\/schema\\\/logo\\\/image\\\/\",\"url\":\"https:\\\/\\\/clean-home.es\\\/wp-content\\\/uploads\\\/2022\\\/08\\\/clean-home-es-blue-500.png\",\"contentUrl\":\"https:\\\/\\\/clean-home.es\\\/wp-content\\\/uploads\\\/2022\\\/08\\\/clean-home-es-blue-500.png\",\"width\":500,\"height\":108,\"caption\":\"Clean-Home.es\"},\"image\":{\"@id\":\"https:\\\/\\\/clean-home.es\\\/es\\\/#\\\/schema\\\/logo\\\/image\\\/\"}}]}<\/script>\n<!-- \/ Yoast SEO plugin. -->","yoast_head_json":{"title":"Privacy Policy ES - Clean-Home.es","robots":{"index":"index","follow":"follow","max-snippet":"max-snippet:-1","max-image-preview":"max-image-preview:large","max-video-preview":"max-video-preview:-1"},"canonical":"https:\/\/clean-home.es\/es\/privacy-policy-es\/","og_locale":"es_ES","og_type":"article","og_title":"Privacy Policy ES - Clean-Home.es","og_description":"Pol\u00edtica de Privacidad Clean-Home.es Bienvenido a https:\/\/clean-home.es (el \u00abSitio\u00bb). Entendemos que la privacidad en l\u00ednea es importante para los usuarios de nuestro Sitio, especialmente cuando se realizan transacciones comerciales. Esta declaraci\u00f3n rige nuestras pol\u00edticas de privacidad con respecto a aquellos usuarios del Sitio (\u00abVisitantes\u00bb) que lo visitan sin realizar transacciones comerciales y a los Visitantes [&hellip;]","og_url":"https:\/\/clean-home.es\/es\/privacy-policy-es\/","og_site_name":"Clean-Home.es","article_modified_time":"2021-03-23T20:27:17+00:00","twitter_card":"summary_large_image","twitter_misc":{"Tiempo de lectura":"4 minutos"},"schema":{"@context":"https:\/\/schema.org","@graph":[{"@type":"WebPage","@id":"https:\/\/clean-home.es\/es\/privacy-policy-es\/","url":"https:\/\/clean-home.es\/es\/privacy-policy-es\/","name":"Privacy Policy ES - Clean-Home.es","isPartOf":{"@id":"https:\/\/clean-home.es\/es\/#website"},"datePublished":"2021-03-23T15:29:27+00:00","dateModified":"2021-03-23T20:27:17+00:00","breadcrumb":{"@id":"https:\/\/clean-home.es\/es\/privacy-policy-es\/#breadcrumb"},"inLanguage":"es","potentialAction":[{"@type":"ReadAction","target":["https:\/\/clean-home.es\/es\/privacy-policy-es\/"]}]},{"@type":"BreadcrumbList","@id":"https:\/\/clean-home.es\/es\/privacy-policy-es\/#breadcrumb","itemListElement":[{"@type":"ListItem","position":1,"name":"Home","item":"https:\/\/clean-home.es\/es\/"},{"@type":"ListItem","position":2,"name":"Privacy Policy ES"}]},{"@type":"WebSite","@id":"https:\/\/clean-home.es\/es\/#website","url":"https:\/\/clean-home.es\/es\/","name":"Clean-Home.es","description":"Limpieza a Domicilio de Sof\u00e1s, Colchones, Alfombras y Toldos \u2014 Pulido Profesional de Suelos","publisher":{"@id":"https:\/\/clean-home.es\/es\/#organization"},"potentialAction":[{"@type":"SearchAction","target":{"@type":"EntryPoint","urlTemplate":"https:\/\/clean-home.es\/es\/?s={search_term_string}"},"query-input":{"@type":"PropertyValueSpecification","valueRequired":true,"valueName":"search_term_string"}}],"inLanguage":"es"},{"@type":"Organization","@id":"https:\/\/clean-home.es\/es\/#organization","name":"Clean-Home.es","url":"https:\/\/clean-home.es\/es\/","logo":{"@type":"ImageObject","inLanguage":"es","@id":"https:\/\/clean-home.es\/es\/#\/schema\/logo\/image\/","url":"https:\/\/clean-home.es\/wp-content\/uploads\/2022\/08\/clean-home-es-blue-500.png","contentUrl":"https:\/\/clean-home.es\/wp-content\/uploads\/2022\/08\/clean-home-es-blue-500.png","width":500,"height":108,"caption":"Clean-Home.es"},"image":{"@id":"https:\/\/clean-home.es\/es\/#\/schema\/logo\/image\/"}}]}},"_links":{"self":[{"href":"https:\/\/clean-home.es\/es\/wp-json\/wp\/v2\/pages\/4588","targetHints":{"allow":["GET"]}}],"collection":[{"href":"https:\/\/clean-home.es\/es\/wp-json\/wp\/v2\/pages"}],"about":[{"href":"https:\/\/clean-home.es\/es\/wp-json\/wp\/v2\/types\/page"}],"author":[{"embeddable":true,"href":"https:\/\/clean-home.es\/es\/wp-json\/wp\/v2\/users\/1"}],"replies":[{"embeddable":true,"href":"https:\/\/clean-home.es\/es\/wp-json\/wp\/v2\/comments?post=4588"}],"version-history":[{"count":4,"href":"https:\/\/clean-home.es\/es\/wp-json\/wp\/v2\/pages\/4588\/revisions"}],"predecessor-version":[{"id":4593,"href":"https:\/\/clean-home.es\/es\/wp-json\/wp\/v2\/pages\/4588\/revisions\/4593"}],"wp:attachment":[{"href":"https:\/\/clean-home.es\/es\/wp-json\/wp\/v2\/media?parent=4588"}],"curies":[{"name":"wp","href":"https:\/\/api.w.org\/{rel}","templated":true}]}}