{"id":10540,"date":"2023-05-04T06:44:27","date_gmt":"2023-05-04T06:44:27","guid":{"rendered":"https:\/\/clean-home.es\/?page_id=10540"},"modified":"2023-05-04T13:12:11","modified_gmt":"2023-05-04T13:12:11","slug":"servicio-de-corte-de-cesped-en-espana-de-clean-home-es","status":"publish","type":"page","link":"https:\/\/clean-home.es\/es\/servicio-de-corte-de-cesped-en-espana-de-clean-home-es\/","title":{"rendered":"Servicio de corte de c\u00e9sped en Espa\u00f1a"},"content":{"rendered":"\t\t<div data-elementor-type=\"wp-page\" data-elementor-id=\"10540\" class=\"elementor elementor-10540 elementor-10325\" data-elementor-post-type=\"page\">\n\t\t\t\t\t\t<section class=\"elementor-section elementor-top-section elementor-element elementor-element-bc92e4c elementor-section-full_width elementor-section-height-default elementor-section-height-default\" data-id=\"bc92e4c\" data-element_type=\"section\" data-e-type=\"section\">\n\t\t\t\t\t\t<div class=\"elementor-container elementor-column-gap-default\">\n\t\t\t\t\t<div class=\"elementor-column elementor-col-100 elementor-top-column elementor-element elementor-element-773947d6\" data-id=\"773947d6\" data-element_type=\"column\" data-e-type=\"column\">\n\t\t\t<div class=\"elementor-widget-wrap elementor-element-populated\">\n\t\t\t\t\t\t<section class=\"elementor-section elementor-inner-section elementor-element elementor-element-3e03d34 elementor-section-full_width elementor-section-height-default elementor-section-height-default\" data-id=\"3e03d34\" data-element_type=\"section\" data-e-type=\"section\">\n\t\t\t\t\t\t<div class=\"elementor-container elementor-column-gap-default\">\n\t\t\t\t\t<div class=\"elementor-column elementor-col-100 elementor-inner-column elementor-element elementor-element-83179aa\" data-id=\"83179aa\" data-element_type=\"column\" data-e-type=\"column\">\n\t\t\t<div class=\"elementor-widget-wrap elementor-element-populated\">\n\t\t\t\t\t\t<div class=\"elementor-element elementor-element-d3b4131 elementor-widget elementor-widget-image\" data-id=\"d3b4131\" data-element_type=\"widget\" data-e-type=\"widget\" data-widget_type=\"image.default\">\n\t\t\t\t<div class=\"elementor-widget-container\">\n\t\t\t\t\t\t\t\t\t\t\t\t\t\t\t<img decoding=\"async\" src=\"https:\/\/clean-home.es\/wp-content\/uploads\/2023\/01\/es-clean-home-es-blue.png\" title=\"\" alt=\"\" loading=\"lazy\" \/>\t\t\t\t\t\t\t\t\t\t\t\t\t\t\t<\/div>\n\t\t\t\t<\/div>\n\t\t\t\t<div class=\"elementor-element elementor-element-6f5cb2f1 elementor-widget elementor-widget-heading\" data-id=\"6f5cb2f1\" data-element_type=\"widget\" data-e-type=\"widget\" data-widget_type=\"heading.default\">\n\t\t\t\t<div class=\"elementor-widget-container\">\n\t\t\t\t\t<h5 class=\"elementor-heading-title elementor-size-default\">Servicio de corte de c\u00e9sped<\/h5>\t\t\t\t<\/div>\n\t\t\t\t<\/div>\n\t\t\t\t<div class=\"elementor-element elementor-element-32df97ee elementor-widget elementor-widget-text-editor\" data-id=\"32df97ee\" data-element_type=\"widget\" data-e-type=\"widget\" data-widget_type=\"text-editor.default\">\n\t\t\t\t<div class=\"elementor-widget-container\">\n\t\t\t\t\t\t\t\t\t<p>Su c\u00e9sped volver\u00e1 a estar limpio y ordenado<\/p>\t\t\t\t\t\t\t\t<\/div>\n\t\t\t\t<\/div>\n\t\t\t\t\t<\/div>\n\t\t<\/div>\n\t\t\t\t\t<\/div>\n\t\t<\/section>\n\t\t\t\t\t<\/div>\n\t\t<\/div>\n\t\t\t\t\t<\/div>\n\t\t<\/section>\n\t\t\t\t<section class=\"elementor-section elementor-top-section elementor-element elementor-element-456317b elementor-section-full_width elementor-section-height-default elementor-section-height-default\" data-id=\"456317b\" data-element_type=\"section\" data-e-type=\"section\">\n\t\t\t\t\t\t<div class=\"elementor-container elementor-column-gap-default\">\n\t\t\t\t\t<div class=\"elementor-column elementor-col-100 elementor-top-column elementor-element elementor-element-d7e8f48\" data-id=\"d7e8f48\" data-element_type=\"column\" data-e-type=\"column\">\n\t\t\t<div class=\"elementor-widget-wrap elementor-element-populated\">\n\t\t\t\t\t\t<div class=\"elementor-element elementor-element-bc229b0 elementor-widget elementor-widget-shortcode\" data-id=\"bc229b0\" data-element_type=\"widget\" data-e-type=\"widget\" data-widget_type=\"shortcode.default\">\n\t\t\t\t<div class=\"elementor-widget-container\">\n\t\t\t\t\t\t\t<div class=\"elementor-shortcode\"><\/div>\n\t\t\t\t\t\t<\/div>\n\t\t\t\t<\/div>\n\t\t\t\t\t<\/div>\n\t\t<\/div>\n\t\t\t\t\t<\/div>\n\t\t<\/section>\n\t\t\t\t<section class=\"elementor-section elementor-top-section elementor-element elementor-element-804719b elementor-section-full_width elementor-section-height-default elementor-section-height-default\" data-id=\"804719b\" data-element_type=\"section\" data-e-type=\"section\">\n\t\t\t\t\t\t<div class=\"elementor-container elementor-column-gap-default\">\n\t\t\t\t\t<div class=\"elementor-column elementor-col-100 elementor-top-column elementor-element elementor-element-e8b12e8\" data-id=\"e8b12e8\" data-element_type=\"column\" data-e-type=\"column\">\n\t\t\t<div class=\"elementor-widget-wrap elementor-element-populated\">\n\t\t\t\t\t\t<div class=\"elementor-element elementor-element-9151494 elementor-widget elementor-widget-shortcode\" data-id=\"9151494\" data-element_type=\"widget\" data-e-type=\"widget\" data-widget_type=\"shortcode.default\">\n\t\t\t\t<div class=\"elementor-widget-container\">\n\t\t\t\t\t\t\t<div class=\"elementor-shortcode\"><\/div>\n\t\t\t\t\t\t<\/div>\n\t\t\t\t<\/div>\n\t\t\t\t\t<\/div>\n\t\t<\/div>\n\t\t\t\t\t<\/div>\n\t\t<\/section>\n\t\t\t\t<\/div>\n\t\t","protected":false},"excerpt":{"rendered":"<p>Servicio de corte de c\u00e9sped Su c\u00e9sped volver\u00e1 a estar limpio y ordenado<\/p>\n","protected":false},"author":1,"featured_media":0,"parent":0,"menu_order":0,"comment_status":"closed","ping_status":"closed","template":"elementor_header_footer","meta":{"_joinchat":{"message_text":"Hola\ud83d\ude0a Pide un presupuesto o reserva ahora en WhatsApp","message_send":"\u00a1Hola! Estoy interesado en la limpieza. Gracias."},"footnotes":""},"class_list":["post-10540","page","type-page","status-publish","hentry"],"yoast_head":"<!-- This site is optimized with the Yoast SEO plugin v27.4 - https:\/\/yoast.com\/product\/yoast-seo-wordpress\/ -->\n<title>Servicio de corte de c\u00e9sped en Espa\u00f1a - Clean-Home.es<\/title>\n<meta name=\"description\" content=\"Clean-Home.es - servicio profesional y completo de corte de c\u00e9sped en Espa\u00f1a. Atendemos todas las solicitudes y realizamos el corte...\" \/>\n<meta name=\"robots\" content=\"index, follow, max-snippet:-1, max-image-preview:large, max-video-preview:-1\" \/>\n<link rel=\"canonical\" href=\"https:\/\/clean-home.es\/es\/servicio-de-corte-de-cesped-en-espana-de-clean-home-es\/\" \/>\n<meta property=\"og:locale\" content=\"es_ES\" \/>\n<meta property=\"og:type\" content=\"article\" \/>\n<meta property=\"og:title\" content=\"Servicio de corte de c\u00e9sped en Espa\u00f1a - Clean-Home.es\" \/>\n<meta property=\"og:description\" content=\"Clean-Home.es - servicio profesional y completo de corte de c\u00e9sped en Espa\u00f1a. Atendemos todas las solicitudes y realizamos el corte...\" \/>\n<meta property=\"og:url\" content=\"https:\/\/clean-home.es\/es\/servicio-de-corte-de-cesped-en-espana-de-clean-home-es\/\" \/>\n<meta property=\"og:site_name\" content=\"Clean-Home.es\" \/>\n<meta property=\"article:modified_time\" content=\"2023-05-04T13:12:11+00:00\" \/>\n<meta property=\"og:image\" content=\"https:\/\/clean-home.es\/wp-content\/uploads\/2023\/04\/lawn-mowing-service-in-spain-clean-home-es-min.jpg\" \/>\n\t<meta property=\"og:image:width\" content=\"900\" \/>\n\t<meta property=\"og:image:height\" content=\"509\" \/>\n\t<meta property=\"og:image:type\" content=\"image\/jpeg\" \/>\n<meta name=\"twitter:card\" content=\"summary_large_image\" \/>\n<meta name=\"twitter:label1\" content=\"Tiempo de lectura\" \/>\n\t<meta name=\"twitter:data1\" content=\"1 minuto\" \/>\n<script type=\"application\/ld+json\" class=\"yoast-schema-graph\">{\"@context\":\"https:\\\/\\\/schema.org\",\"@graph\":[{\"@type\":\"WebPage\",\"@id\":\"https:\\\/\\\/clean-home.es\\\/es\\\/servicio-de-corte-de-cesped-en-espana-de-clean-home-es\\\/\",\"url\":\"https:\\\/\\\/clean-home.es\\\/es\\\/servicio-de-corte-de-cesped-en-espana-de-clean-home-es\\\/\",\"name\":\"Servicio de corte de c\u00e9sped en Espa\u00f1a - Clean-Home.es\",\"isPartOf\":{\"@id\":\"https:\\\/\\\/clean-home.es\\\/es\\\/#website\"},\"primaryImageOfPage\":{\"@id\":\"https:\\\/\\\/clean-home.es\\\/es\\\/servicio-de-corte-de-cesped-en-espana-de-clean-home-es\\\/#primaryimage\"},\"image\":{\"@id\":\"https:\\\/\\\/clean-home.es\\\/es\\\/servicio-de-corte-de-cesped-en-espana-de-clean-home-es\\\/#primaryimage\"},\"thumbnailUrl\":\"https:\\\/\\\/clean-home.es\\\/wp-content\\\/uploads\\\/2023\\\/01\\\/es-clean-home-es-blue.png\",\"datePublished\":\"2023-05-04T06:44:27+00:00\",\"dateModified\":\"2023-05-04T13:12:11+00:00\",\"description\":\"Clean-Home.es - servicio profesional y completo de corte de c\u00e9sped en Espa\u00f1a. Atendemos todas las solicitudes y realizamos el corte...\",\"breadcrumb\":{\"@id\":\"https:\\\/\\\/clean-home.es\\\/es\\\/servicio-de-corte-de-cesped-en-espana-de-clean-home-es\\\/#breadcrumb\"},\"inLanguage\":\"es\",\"potentialAction\":[{\"@type\":\"ReadAction\",\"target\":[\"https:\\\/\\\/clean-home.es\\\/es\\\/servicio-de-corte-de-cesped-en-espana-de-clean-home-es\\\/\"]}]},{\"@type\":\"ImageObject\",\"inLanguage\":\"es\",\"@id\":\"https:\\\/\\\/clean-home.es\\\/es\\\/servicio-de-corte-de-cesped-en-espana-de-clean-home-es\\\/#primaryimage\",\"url\":\"https:\\\/\\\/clean-home.es\\\/wp-content\\\/uploads\\\/2023\\\/01\\\/es-clean-home-es-blue.png\",\"contentUrl\":\"https:\\\/\\\/clean-home.es\\\/wp-content\\\/uploads\\\/2023\\\/01\\\/es-clean-home-es-blue.png\"},{\"@type\":\"BreadcrumbList\",\"@id\":\"https:\\\/\\\/clean-home.es\\\/es\\\/servicio-de-corte-de-cesped-en-espana-de-clean-home-es\\\/#breadcrumb\",\"itemListElement\":[{\"@type\":\"ListItem\",\"position\":1,\"name\":\"Home\",\"item\":\"https:\\\/\\\/clean-home.es\\\/es\\\/\"},{\"@type\":\"ListItem\",\"position\":2,\"name\":\"Servicio de corte de c\u00e9sped en Espa\u00f1a\"}]},{\"@type\":\"WebSite\",\"@id\":\"https:\\\/\\\/clean-home.es\\\/es\\\/#website\",\"url\":\"https:\\\/\\\/clean-home.es\\\/es\\\/\",\"name\":\"Clean-Home.es\",\"description\":\"Limpieza a Domicilio de Sof\u00e1s, Colchones, Alfombras y Toldos \u2014 Pulido Profesional de Suelos\",\"publisher\":{\"@id\":\"https:\\\/\\\/clean-home.es\\\/es\\\/#organization\"},\"potentialAction\":[{\"@type\":\"SearchAction\",\"target\":{\"@type\":\"EntryPoint\",\"urlTemplate\":\"https:\\\/\\\/clean-home.es\\\/es\\\/?s={search_term_string}\"},\"query-input\":{\"@type\":\"PropertyValueSpecification\",\"valueRequired\":true,\"valueName\":\"search_term_string\"}}],\"inLanguage\":\"es\"},{\"@type\":\"Organization\",\"@id\":\"https:\\\/\\\/clean-home.es\\\/es\\\/#organization\",\"name\":\"Clean-Home.es\",\"url\":\"https:\\\/\\\/clean-home.es\\\/es\\\/\",\"logo\":{\"@type\":\"ImageObject\",\"inLanguage\":\"es\",\"@id\":\"https:\\\/\\\/clean-home.es\\\/es\\\/#\\\/schema\\\/logo\\\/image\\\/\",\"url\":\"https:\\\/\\\/clean-home.es\\\/wp-content\\\/uploads\\\/2022\\\/08\\\/clean-home-es-blue-500.png\",\"contentUrl\":\"https:\\\/\\\/clean-home.es\\\/wp-content\\\/uploads\\\/2022\\\/08\\\/clean-home-es-blue-500.png\",\"width\":500,\"height\":108,\"caption\":\"Clean-Home.es\"},\"image\":{\"@id\":\"https:\\\/\\\/clean-home.es\\\/es\\\/#\\\/schema\\\/logo\\\/image\\\/\"}}]}<\/script>\n<!-- \/ Yoast SEO plugin. -->","yoast_head_json":{"title":"Servicio de corte de c\u00e9sped en Espa\u00f1a - Clean-Home.es","description":"Clean-Home.es - servicio profesional y completo de corte de c\u00e9sped en Espa\u00f1a. Atendemos todas las solicitudes y realizamos el corte...","robots":{"index":"index","follow":"follow","max-snippet":"max-snippet:-1","max-image-preview":"max-image-preview:large","max-video-preview":"max-video-preview:-1"},"canonical":"https:\/\/clean-home.es\/es\/servicio-de-corte-de-cesped-en-espana-de-clean-home-es\/","og_locale":"es_ES","og_type":"article","og_title":"Servicio de corte de c\u00e9sped en Espa\u00f1a - Clean-Home.es","og_description":"Clean-Home.es - servicio profesional y completo de corte de c\u00e9sped en Espa\u00f1a. Atendemos todas las solicitudes y realizamos el corte...","og_url":"https:\/\/clean-home.es\/es\/servicio-de-corte-de-cesped-en-espana-de-clean-home-es\/","og_site_name":"Clean-Home.es","article_modified_time":"2023-05-04T13:12:11+00:00","og_image":[{"width":900,"height":509,"url":"https:\/\/clean-home.es\/wp-content\/uploads\/2023\/04\/lawn-mowing-service-in-spain-clean-home-es-min.jpg","type":"image\/jpeg"}],"twitter_card":"summary_large_image","twitter_misc":{"Tiempo de lectura":"1 minuto"},"schema":{"@context":"https:\/\/schema.org","@graph":[{"@type":"WebPage","@id":"https:\/\/clean-home.es\/es\/servicio-de-corte-de-cesped-en-espana-de-clean-home-es\/","url":"https:\/\/clean-home.es\/es\/servicio-de-corte-de-cesped-en-espana-de-clean-home-es\/","name":"Servicio de corte de c\u00e9sped en Espa\u00f1a - Clean-Home.es","isPartOf":{"@id":"https:\/\/clean-home.es\/es\/#website"},"primaryImageOfPage":{"@id":"https:\/\/clean-home.es\/es\/servicio-de-corte-de-cesped-en-espana-de-clean-home-es\/#primaryimage"},"image":{"@id":"https:\/\/clean-home.es\/es\/servicio-de-corte-de-cesped-en-espana-de-clean-home-es\/#primaryimage"},"thumbnailUrl":"https:\/\/clean-home.es\/wp-content\/uploads\/2023\/01\/es-clean-home-es-blue.png","datePublished":"2023-05-04T06:44:27+00:00","dateModified":"2023-05-04T13:12:11+00:00","description":"Clean-Home.es - servicio profesional y completo de corte de c\u00e9sped en Espa\u00f1a. Atendemos todas las solicitudes y realizamos el corte...","breadcrumb":{"@id":"https:\/\/clean-home.es\/es\/servicio-de-corte-de-cesped-en-espana-de-clean-home-es\/#breadcrumb"},"inLanguage":"es","potentialAction":[{"@type":"ReadAction","target":["https:\/\/clean-home.es\/es\/servicio-de-corte-de-cesped-en-espana-de-clean-home-es\/"]}]},{"@type":"ImageObject","inLanguage":"es","@id":"https:\/\/clean-home.es\/es\/servicio-de-corte-de-cesped-en-espana-de-clean-home-es\/#primaryimage","url":"https:\/\/clean-home.es\/wp-content\/uploads\/2023\/01\/es-clean-home-es-blue.png","contentUrl":"https:\/\/clean-home.es\/wp-content\/uploads\/2023\/01\/es-clean-home-es-blue.png"},{"@type":"BreadcrumbList","@id":"https:\/\/clean-home.es\/es\/servicio-de-corte-de-cesped-en-espana-de-clean-home-es\/#breadcrumb","itemListElement":[{"@type":"ListItem","position":1,"name":"Home","item":"https:\/\/clean-home.es\/es\/"},{"@type":"ListItem","position":2,"name":"Servicio de corte de c\u00e9sped en Espa\u00f1a"}]},{"@type":"WebSite","@id":"https:\/\/clean-home.es\/es\/#website","url":"https:\/\/clean-home.es\/es\/","name":"Clean-Home.es","description":"Limpieza a Domicilio de Sof\u00e1s, Colchones, Alfombras y Toldos \u2014 Pulido Profesional de Suelos","publisher":{"@id":"https:\/\/clean-home.es\/es\/#organization"},"potentialAction":[{"@type":"SearchAction","target":{"@type":"EntryPoint","urlTemplate":"https:\/\/clean-home.es\/es\/?s={search_term_string}"},"query-input":{"@type":"PropertyValueSpecification","valueRequired":true,"valueName":"search_term_string"}}],"inLanguage":"es"},{"@type":"Organization","@id":"https:\/\/clean-home.es\/es\/#organization","name":"Clean-Home.es","url":"https:\/\/clean-home.es\/es\/","logo":{"@type":"ImageObject","inLanguage":"es","@id":"https:\/\/clean-home.es\/es\/#\/schema\/logo\/image\/","url":"https:\/\/clean-home.es\/wp-content\/uploads\/2022\/08\/clean-home-es-blue-500.png","contentUrl":"https:\/\/clean-home.es\/wp-content\/uploads\/2022\/08\/clean-home-es-blue-500.png","width":500,"height":108,"caption":"Clean-Home.es"},"image":{"@id":"https:\/\/clean-home.es\/es\/#\/schema\/logo\/image\/"}}]}},"_links":{"self":[{"href":"https:\/\/clean-home.es\/es\/wp-json\/wp\/v2\/pages\/10540","targetHints":{"allow":["GET"]}}],"collection":[{"href":"https:\/\/clean-home.es\/es\/wp-json\/wp\/v2\/pages"}],"about":[{"href":"https:\/\/clean-home.es\/es\/wp-json\/wp\/v2\/types\/page"}],"author":[{"embeddable":true,"href":"https:\/\/clean-home.es\/es\/wp-json\/wp\/v2\/users\/1"}],"replies":[{"embeddable":true,"href":"https:\/\/clean-home.es\/es\/wp-json\/wp\/v2\/comments?post=10540"}],"version-history":[{"count":5,"href":"https:\/\/clean-home.es\/es\/wp-json\/wp\/v2\/pages\/10540\/revisions"}],"predecessor-version":[{"id":10549,"href":"https:\/\/clean-home.es\/es\/wp-json\/wp\/v2\/pages\/10540\/revisions\/10549"}],"wp:attachment":[{"href":"https:\/\/clean-home.es\/es\/wp-json\/wp\/v2\/media?parent=10540"}],"curies":[{"name":"wp","href":"https:\/\/api.w.org\/{rel}","templated":true}]}}